{"id":7,"date":"2017-08-09T08:20:57","date_gmt":"2017-08-09T08:20:57","guid":{"rendered":"http:\/\/ristpalk.ee\/?page_id=7"},"modified":"2017-08-26T07:44:40","modified_gmt":"2017-08-26T07:44:40","slug":"home","status":"publish","type":"page","link":"http:\/\/www.ristpalk.ee\/","title":{"rendered":"Meist"},"content":{"rendered":"<p style=\"text-align: left;\"><strong>A&amp;H Ristpalkmajad O\u00dc<\/strong> on Eesti kapitalil 1998. aastal loodud puitehitistega tegelev ettev\u00f5te. Ehitame ja p\u00fcstitame vastavalt kliendi soovile palktehitisi: saunu, elumaju, suvilaid, aiam\u00f6\u00f6blit jms.<\/p>\n<p>A&amp;H Ristpalkmajad O\u00dc ettev\u00f5te prioriteet on pakkuda kliendile palkehitiste turul parimat kvaliteeti ning\u00a0 kordumatult sujuvat majaehitusprotsessi. Et Teie maja valmiks vundamendist v\u00f5tmeteni, teeme koost\u00f6\u00f6d erinevate ehitusfirmadega. Oleme valmis koost\u00f6\u00f6d tegema ka kliendi poolt pakutavate ehiusfirmadega . Oluline on tagada kliendile rahulolu ja kvaliteet. Meie peamiseks tooraine tarnijaks on RMK, l\u00e4bi selle saab v\u00e4\u00e4rtustatud Eestis kasvanud mets.<\/p>\n<p>Tooted on leidnud omanikke nii Eestis kui teistes P\u00f5hjamaades.<\/p>\n<p style=\"text-align: left;\">\n","protected":false},"excerpt":{"rendered":"<p>A&amp;H Ristpalkmajad O\u00dc on Eesti kapitalil 1998. aastal loodud puitehitistega tegelev ettev\u00f5te. Ehitame ja p\u00fcstitame vastavalt kliendi soovile palktehitisi: saunu, elumaju, suvilaid, aiam\u00f6\u00f6blit jms. A&amp;H Ristpalkmajad O\u00dc ettev\u00f5te prioriteet on pakkuda kliendile palkehitiste turul parimat kvaliteeti ning\u00a0 kordumatult sujuvat majaehitusprotsessi. Et Teie maja valmiks vundamendist v\u00f5tmeteni, teeme koost\u00f6\u00f6d erinevate ehitusfirmadega. Oleme valmis koost\u00f6\u00f6d tegema ka &hellip; <\/p>\n<p class=\"link-more\"><a href=\"http:\/\/www.ristpalk.ee\/\" class=\"more-link\">Continue reading<span class=\"screen-reader-text\"> &#8220;Meist&#8221;<\/span><\/a><\/p>\n","protected":false},"author":1,"featured_media":0,"parent":0,"menu_order":0,"comment_status":"closed","ping_status":"closed","template":"","meta":{"footnotes":""},"class_list":["post-7","page","type-page","status-publish","hentry"],"_links":{"self":[{"href":"http:\/\/www.ristpalk.ee\/index.php\/wp-json\/wp\/v2\/pages\/7","targetHints":{"allow":["GET"]}}],"collection":[{"href":"http:\/\/www.ristpalk.ee\/index.php\/wp-json\/wp\/v2\/pages"}],"about":[{"href":"http:\/\/www.ristpalk.ee\/index.php\/wp-json\/wp\/v2\/types\/page"}],"author":[{"embeddable":true,"href":"http:\/\/www.ristpalk.ee\/index.php\/wp-json\/wp\/v2\/users\/1"}],"replies":[{"embeddable":true,"href":"http:\/\/www.ristpalk.ee\/index.php\/wp-json\/wp\/v2\/comments?post=7"}],"version-history":[{"count":5,"href":"http:\/\/www.ristpalk.ee\/index.php\/wp-json\/wp\/v2\/pages\/7\/revisions"}],"predecessor-version":[{"id":83,"href":"http:\/\/www.ristpalk.ee\/index.php\/wp-json\/wp\/v2\/pages\/7\/revisions\/83"}],"wp:attachment":[{"href":"http:\/\/www.ristpalk.ee\/index.php\/wp-json\/wp\/v2\/media?parent=7"}],"curies":[{"name":"wp","href":"https:\/\/api.w.org\/{rel}","templated":true}]}}